{"id":3,"date":"2023-06-16T02:48:50","date_gmt":"2023-06-16T02:48:50","guid":{"rendered":"https:\/\/genielabs.com.mx\/?page_id=3"},"modified":"2023-06-21T19:08:59","modified_gmt":"2023-06-21T19:08:59","slug":"privacy-policy","status":"publish","type":"page","link":"https:\/\/mipantalla.com.mx\/index.php\/privacy-policy\/","title":{"rendered":"Aviso de Privacidad"},"content":{"rendered":"\n<h2 class=\"wp-block-heading\"><\/h2>\n\n\n\n<p>Por medio del presente documento, y en cumplimiento de la Ley de Protecci\u00f3n de Datos Personales en Posesi\u00f3n de Particulares, le comunicamos la siguiente informaci\u00f3n, relativa a sus derechos inherentes a la informaci\u00f3n personal que de manera voluntaria nos ha proporcionado o que nos va a proporcionar.<\/p>\n\n\n\n<p>Usted es el titular o propietario de sus datos e informaci\u00f3n de car\u00e1cter personal, lo que nosotros reconocemos y respetamos. La informaci\u00f3n y datos personales que usted voluntariamente nos ha proporcionado o nos proporcionar\u00e1, incluyendo en su caso datos sensibles, son necesarios y los utilizaremos para que usted reciba informaci\u00f3n, participe en promociones, le sea proporcionada informaci\u00f3n de nuestros servicios, horarios y actividades.<\/p>\n\n\n\n<p>No facilitar los datos personales solicitados o no aceptar el presente aviso de privacidad, implica la imposibilidad de suscribirse, registrarse como usuario o recibir informaci\u00f3n de los productos y servicios ofrecidos por nuestros establecimientos.<\/p>\n\n\n\n<p>Estos datos personales se los entrega usted a GENIE TECNOLOGIAS S.A. DE C.V., identificada en este documento como \u201cla Empresa\u201d, con domicilio en Av. de los Bosques # 1515 , Col. Lomas de Tecamachalco, C.P. 52780, Huixquilucan, Estado de M\u00e9xico, y n\u00famero de tel\u00e9fono 56-2095-5053, quien ser\u00e1 la entidad legal que asume la responsabilidad de la guarda y custodia de tal informaci\u00f3n.<\/p>\n\n\n\n<p>La empresa no es responsable de la veracidad ni la precisi\u00f3n de los datos que usted les ha proporcionado, ni tampoco los ha verificado, sino que \u00fanicamente los recibe, registra y conserva. Le informamos que los datos personales que nos proporcione o que nos sean proporcionados al momento de su registro, tales como: nombre, domicilio, correo electr\u00f3nico y tel\u00e9fono, entre otros, ser\u00e1n incorporados en un archivo de datos cuyo titular es la Empresa quien ha instrumentado todas las medidas de seguridad, administrativas, t\u00e9cnicas y f\u00edsicas para proteger la informaci\u00f3n proporcionada.<\/p>\n\n\n\n<p>Le informamos por medio de este documento que usted podr\u00e1 acceder, rectificar o cancelar sus datos personales, as\u00ed como oponerse o limitar su trasferencia, tratamiento o divulgaci\u00f3n de estos, incluyendo la revocaci\u00f3n de cualquier consentimiento anterior.<\/p>\n\n\n\n<p>Para ello, deber\u00e1 contactar al Responsable de la guarda de sus datos personales, quien es Efrain Weintraub Hochstein, satisfaciendo el siguiente procedimiento y requisitos:<\/p>\n\n\n\n<ul class=\"wp-block-list\">\n<li>Proporcionar por escrito su nombre completo y domicilio actual.<\/li>\n\n\n\n<li>Anexar copia de una identificaci\u00f3n oficial, como credencial para votar, licencia para conducir o pasaporte.<\/li>\n\n\n\n<li>Se\u00f1alar claramente y de manera precisa los datos personales a los que desea acceder, rectificar, cancelar o tratamiento al que desea oponerse.<\/li>\n<\/ul>\n\n\n\n<p>Cualquier otro requisito que la ley, su reglamento y dem\u00e1s disposiciones aplicables establezcan.<\/p>\n\n\n\n<p>TRANSFERENCIA DE LOS DATOS PERSONALES<\/p>\n\n\n\n<p>Los datos personales que usted entrega a esta empresa podr\u00e1n ser compartidos con las empresas filiales, asociadas o que de cualquier manera forman parte integrante del grupo empresarial y comercial al que pertenece esta empresa, en M\u00e9xico o en el extranjero, circunstancia y tratamiento al que usted otorga su conformidad y autorizaci\u00f3n expresa con la firma correspondiente en este documento.<\/p>\n\n\n\n<p>CAMBIOS AL AVISO DE PRIVACIDAD<\/p>\n\n\n\n<p>Si hubiera alg\u00fan cambio, modificaci\u00f3n o actualizaci\u00f3n a este Aviso de Privacidad, se le comunicar\u00e1 de manera oportuna y fehaciente, conforme a los datos proporcionados por usted.<\/p>\n\n\n\n<p>ACTUALIZACI\u00d3N DE LOS DATOS PERSONALES<\/p>\n\n\n\n<p>La empresa es responsable de la guarda y conservaci\u00f3n de los datos personales proporcionados por usted. No lo es de su actualizaci\u00f3n o modificaci\u00f3n, por lo que si hubiese alg\u00fan cambio, usted deber\u00e1 comunicarlo oportunamente y por escrito al responsable de la guarda de los mismos.<\/p>\n\n\n\n<p>De igual manera, si cuando se expida el reglamento de la ley de la materia, este establece t\u00e9rminos o modalidades adicionales al Aviso de Privacidad y en general al cumplimiento de la ley, esta empresa efectuar\u00e1 oportunamente las actualizaciones correspondientes y se las informar\u00e1 adecuadamente.<\/p>\n\n\n\n<p>Usted, como titular de los datos personales a que se refiere este Aviso de Privacidad, acepta los t\u00e9rminos y condiciones del mismo dando click al \u00edcono de \u201caceptar\u201d como constancia de recibo y consentimiento del mismo.<\/p>\n","protected":false},"excerpt":{"rendered":"<p>Por medio del presente documento, y en cumplimiento de la Ley de Protecci\u00f3n de Datos Personales en Posesi\u00f3n de Particulares, le comunicamos la siguiente informaci\u00f3n, relativa a sus derechos inherentes a la informaci\u00f3n personal que de manera voluntaria nos ha proporcionado o que nos va a proporcionar. Usted es el titular o propietario de sus datos e informaci\u00f3n de car\u00e1cter personal, lo que nosotros reconocemos y respetamos. La informaci\u00f3n y datos personales que usted voluntariamente nos ha proporcionado o nos proporcionar\u00e1, incluyendo en su caso datos sensibles, son necesarios y los utilizaremos para que usted reciba informaci\u00f3n, participe en promociones,<\/p>\n","protected":false},"author":1,"featured_media":0,"parent":0,"menu_order":0,"comment_status":"closed","ping_status":"closed","template":"","meta":{"footnotes":""},"class_list":["post-3","page","type-page","status-publish","hentry"],"_links":{"self":[{"href":"https:\/\/mipantalla.com.mx\/index.php\/wp-json\/wp\/v2\/pages\/3","targetHints":{"allow":["GET"]}}],"collection":[{"href":"https:\/\/mipantalla.com.mx\/index.php\/wp-json\/wp\/v2\/pages"}],"about":[{"href":"https:\/\/mipantalla.com.mx\/index.php\/wp-json\/wp\/v2\/types\/page"}],"author":[{"embeddable":true,"href":"https:\/\/mipantalla.com.mx\/index.php\/wp-json\/wp\/v2\/users\/1"}],"replies":[{"embeddable":true,"href":"https:\/\/mipantalla.com.mx\/index.php\/wp-json\/wp\/v2\/comments?post=3"}],"version-history":[{"count":2,"href":"https:\/\/mipantalla.com.mx\/index.php\/wp-json\/wp\/v2\/pages\/3\/revisions"}],"predecessor-version":[{"id":40,"href":"https:\/\/mipantalla.com.mx\/index.php\/wp-json\/wp\/v2\/pages\/3\/revisions\/40"}],"wp:attachment":[{"href":"https:\/\/mipantalla.com.mx\/index.php\/wp-json\/wp\/v2\/media?parent=3"}],"curies":[{"name":"wp","href":"https:\/\/api.w.org\/{rel}","templated":true}]}}